{"id":605,"date":"2026-04-12T17:30:12","date_gmt":"2026-04-12T15:30:12","guid":{"rendered":"https:\/\/womensdesignacademy.com\/?page_id=605"},"modified":"2026-04-13T20:28:17","modified_gmt":"2026-04-13T18:28:17","slug":"workshop","status":"publish","type":"page","link":"https:\/\/womensdesignacademy.com\/en\/workshop\/","title":{"rendered":"Workshop registration"},"content":{"rendered":"<div class=\"et_pb_section_0 et_pb_section et_section_regular et_flex_section\">\n<div class=\"et_pb_row_0 et_pb_row et_flex_row\">\n<div class=\"et_pb_column_0 et_pb_column et-last-child et_flex_column et_pb_css_mix_blend_mode_passthrough et_flex_column_12_24 et_flex_column_12_24_tablet et_flex_column_24_24_phone\">\n<div class=\"et_pb_text_0 et_pb_text et_pb_bg_layout_light et_pb_module et_flex_module preset--module--divi-text--default\"><div class=\"et_pb_text_inner\"><p>Anmeldung<\/p>\n<h2>Women*s Design Academy<br \/>Workshop<\/h2>\n<p>am 08.06.2026, 14\u201417 Uhr<\/p>\n<p>(F\u00fcr die Lecture um 18 Uhr und das darauf folgende Get-Together wird Workshop-Teilnehmenden automatisch ein Platz freigehalten, du brauchst dich nicht doppelt anzumelden.)<\/p>\n<p>Galerie Hanna Bekker vom Rath<br \/>Braubachstr. 12<br \/>Frankfurt am Main<\/p>\n  \n  \n  <div class=\"\n    mailpoet_form_popup_overlay\n      \"><\/div>\n  <div\n    id=\"mailpoet_form_3\"\n    class=\"\n      mailpoet_form\n      mailpoet_form_shortcode\n      mailpoet_form_position_\n      mailpoet_form_animation_\n    \"\n      >\n\n    <style type=\"text\/css\">\n     #mailpoet_form_3 .mailpoet_form {  }\n#mailpoet_form_3 .mailpoet_column_with_background { padding: 10px; }\n#mailpoet_form_3 .mailpoet_paragraph { line-height: 20px; margin-bottom: 10px; }\n#mailpoet_form_3 .mailpoet_form_column:not(:first-child) { margin-left: 20px; }\n#mailpoet_form_3 .mailpoet_paragraph { line-height: 20px; margin-bottom: 20px; }\n#mailpoet_form_3 .mailpoet_segment_label, #mailpoet_form_3 .mailpoet_text_label, #mailpoet_form_3 .mailpoet_textarea_label, #mailpoet_form_3 .mailpoet_select_label, #mailpoet_form_3 .mailpoet_radio_label, #mailpoet_form_3 .mailpoet_checkbox_label, #mailpoet_form_3 .mailpoet_list_label, #mailpoet_form_3 .mailpoet_date_label { display: block; font-weight: normal; }\n#mailpoet_form_3 .mailpoet_text, #mailpoet_form_3 .mailpoet_textarea, #mailpoet_form_3 .mailpoet_select, #mailpoet_form_3 .mailpoet_date_month, #mailpoet_form_3 .mailpoet_date_day, #mailpoet_form_3 .mailpoet_date_year, #mailpoet_form_3 .mailpoet_date { display: block; }\n#mailpoet_form_3 .mailpoet_text, #mailpoet_form_3 .mailpoet_textarea { width: 200px; }\n#mailpoet_form_3 .mailpoet_checkbox {  }\n#mailpoet_form_3 .mailpoet_submit {  }\n#mailpoet_form_3 .mailpoet_divider {  }\n#mailpoet_form_3 .mailpoet_message {  }\n#mailpoet_form_3 .mailpoet_form_loading { width: 30px; text-align: center; line-height: normal; }\n#mailpoet_form_3 .mailpoet_form_loading > span { width: 5px; height: 5px; background-color: #5b5b5b; }#mailpoet_form_3{border: 0px solid #000000;border-radius: 40px;color: #000000;text-align: left;}#mailpoet_form_3 form.mailpoet_form {padding: 0px;}#mailpoet_form_3{width: 100%;}#mailpoet_form_3 .mailpoet_message {margin: 0; padding: 0 20px;}\n        #mailpoet_form_3 .mailpoet_validate_success {color: #00d084}\n        #mailpoet_form_3 input.parsley-success {color: #00d084}\n        #mailpoet_form_3 select.parsley-success {color: #00d084}\n        #mailpoet_form_3 textarea.parsley-success {color: #00d084}\n      \n        #mailpoet_form_3 .mailpoet_validate_error {color: #9b51e0}\n        #mailpoet_form_3 input.parsley-error {color: #9b51e0}\n        #mailpoet_form_3 select.parsley-error {color: #9b51e0}\n        #mailpoet_form_3 textarea.textarea.parsley-error {color: #9b51e0}\n        #mailpoet_form_3 .parsley-errors-list {color: #9b51e0}\n        #mailpoet_form_3 .parsley-required {color: #9b51e0}\n        #mailpoet_form_3 .parsley-custom-error-message {color: #9b51e0}\n      #mailpoet_form_3 .mailpoet_paragraph.last {margin-bottom: 0} @media (max-width: 500px) {#mailpoet_form_3 {background-image: none;}} @media (min-width: 500px) {#mailpoet_form_3 .last .mailpoet_paragraph:last-child {margin-bottom: 0}}  @media (max-width: 500px) {#mailpoet_form_3 .mailpoet_form_column:last-child .mailpoet_paragraph:last-child {margin-bottom: 0}} \n    <\/style>\n\n    <form\n      target=\"_self\"\n      method=\"post\"\n      action=\"https:\/\/womensdesignacademy.com\/wp-admin\/admin-post.php?action=mailpoet_subscription_form\"\n      class=\"mailpoet_form mailpoet_form_form mailpoet_form_shortcode\"\n      novalidate\n      data-delay=\"\"\n      data-exit-intent-enabled=\"\"\n      data-font-family=\"\"\n      data-cookie-expiration-time=\"\"\n    >\n      <input type=\"hidden\" name=\"data[form_id]\" value=\"3\" \/>\n      <input type=\"hidden\" name=\"token\" value=\"bd0785da63\" \/>\n      <input type=\"hidden\" name=\"api_version\" value=\"v1\" \/>\n      <input type=\"hidden\" name=\"endpoint\" value=\"subscribers\" \/>\n      <input type=\"hidden\" name=\"mailpoet_method\" value=\"subscribe\" \/>\n\n      <label class=\"mailpoet_hp_email_label\" style=\"display: none !important;\">Please leave this field empty<input type=\"email\" name=\"data[email]\"\/><\/label><p class=\"mailpoet_form_paragraph  mailpoet-has-font-size\" style=\"text-align: left; font-size: 20px\">Ich melde mich zum Women*s Design Academy Workshop an: <\/p>\n<div class='mailpoet_form_columns_container'><div class=\"mailpoet_form_columns mailpoet_paragraph mailpoet_stack_on_mobile\"><div class=\"mailpoet_form_column\"><div class=\"mailpoet_paragraph \"><style>input[name=\"data[form_field_MTk2NWQ3MWNlNDE2X2ZpcnN0X25hbWU=]\"]::placeholder{color:#000000;opacity: 1;}<\/style><input type=\"text\" autocomplete=\"given-name\" class=\"mailpoet_text\" id=\"form_first_name_3\" name=\"data[form_field_MTk2NWQ3MWNlNDE2X2ZpcnN0X25hbWU=]\" title=\"Vorname\" value=\"\" style=\"width:100%;box-sizing:border-box;background-color:#ffffff;border-style:solid;border-radius:30px !important;border-width:1px;border-color:#313131;padding:5px;margin: 0 auto 0 0;font-size:20px;line-height:1.5;height:auto;color:#000000;\" data-automation-id=\"form_first_name\"  placeholder=\"Vorname *\" aria-label=\"Vorname *\" data-parsley-errors-container=\".mailpoet_error_1sciv\" data-parsley-names='[&quot;Please specify a valid name.&quot;,&quot;Addresses in names are not permitted, please add your name instead.&quot;]' data-parsley-required=\"true\" required aria-required=\"true\" data-parsley-required-message=\"This field is required.\"\/><span class=\"mailpoet_error_1sciv\"><\/span><\/div>\n<\/div>\n<div class=\"mailpoet_form_column\"><div class=\"mailpoet_paragraph \"><style>input[name=\"data[form_field_MWYyOWMxYjA2YWJiX2xhc3RfbmFtZQ==]\"]::placeholder{color:#000000;opacity: 1;}<\/style><input type=\"text\" autocomplete=\"family-name\" class=\"mailpoet_text\" id=\"form_last_name_3\" name=\"data[form_field_MWYyOWMxYjA2YWJiX2xhc3RfbmFtZQ==]\" title=\"Nachname\" value=\"\" style=\"width:100%;box-sizing:border-box;background-color:#ffffff;border-style:solid;border-radius:30px !important;border-width:1px;border-color:#313131;padding:5px;margin: 0 auto 0 0;font-size:20px;line-height:1.5;height:auto;color:#000000;\" data-automation-id=\"form_last_name\"  placeholder=\"Nachname *\" aria-label=\"Nachname *\" data-parsley-errors-container=\".mailpoet_error_16q8i\" data-parsley-names='[&quot;Please specify a valid name.&quot;,&quot;Addresses in names are not permitted, please add your name instead.&quot;]' data-parsley-required=\"true\" required aria-required=\"true\" data-parsley-required-message=\"This field is required.\"\/><span class=\"mailpoet_error_16q8i\"><\/span><\/div>\n<\/div>\n<\/div><\/div>\n<div class='mailpoet_form_columns_container'><div class=\"mailpoet_form_columns mailpoet_paragraph mailpoet_stack_on_mobile\"><div class=\"mailpoet_form_column\"><div class=\"mailpoet_paragraph \"><style>input[name=\"data[cf_1]\"]::placeholder{color:#000000;opacity: 1;}<\/style><input type=\"text\" autocomplete=\"on\" class=\"mailpoet_text\" id=\"form_1_3\" name=\"data[cf_1]\" title=\"Website\" value=\"\" style=\"width:100%;box-sizing:border-box;background-color:#ffffff;border-style:solid;border-radius:30px !important;border-width:1px;border-color:#313131;padding:5px;margin: 0 auto 0 0;font-size:20px;line-height:1.5;height:auto;color:#000000;\"   placeholder=\"Website\" aria-label=\"Website\" data-parsley-errors-container=\".mailpoet_error_12kdd\"\/><span class=\"mailpoet_error_12kdd\"><\/span><\/div>\n<\/div>\n<div class=\"mailpoet_form_column\"><div class=\"mailpoet_paragraph \"><style>input[name=\"data[cf_2]\"]::placeholder{color:#000000;opacity: 1;}<\/style><input type=\"text\" autocomplete=\"on\" class=\"mailpoet_text\" id=\"form_2_3\" name=\"data[cf_2]\" title=\"Stadt\" value=\"\" style=\"width:100%;box-sizing:border-box;background-color:#ffffff;border-style:solid;border-radius:30px !important;border-width:1px;border-color:#313131;padding:5px;margin: 0 auto 0 0;font-size:20px;line-height:1.5;height:auto;color:#000000;\"   placeholder=\"Stadt\" aria-label=\"Stadt\" data-parsley-errors-container=\".mailpoet_error_d8yvk\"\/><span class=\"mailpoet_error_d8yvk\"><\/span><\/div>\n<\/div>\n<\/div><\/div>\n<div class=\"mailpoet_paragraph \"><style>input[name=\"data[form_field_NzE3OGYwZDEwMWJkX2VtYWls]\"]::placeholder{color:#000000;opacity: 1;}<\/style><input type=\"email\" autocomplete=\"email\" class=\"mailpoet_text\" id=\"form_email_3\" name=\"data[form_field_NzE3OGYwZDEwMWJkX2VtYWls]\" title=\"Mail\" value=\"\" style=\"width:100%;box-sizing:border-box;background-color:#ffffff;border-style:solid;border-radius:30px !important;border-width:1px;border-color:#313131;padding:5px;margin: 0 auto 0 0;font-size:20px;line-height:1.5;height:auto;color:#000000;\" data-automation-id=\"form_email\"  placeholder=\"Mail *\" aria-label=\"Mail *\" data-parsley-errors-container=\".mailpoet_error_8trdq\" data-parsley-required=\"true\" required aria-required=\"true\" data-parsley-minlength=\"6\" data-parsley-maxlength=\"150\" data-parsley-type-message=\"This value should be a valid email.\" data-parsley-required-message=\"This field is required.\"\/><span class=\"mailpoet_error_8trdq\"><\/span><\/div>\n<div class='mailpoet_spacer' style='height: 20px;'><\/div>\n<div class=\"mailpoet_paragraph \"><fieldset><input type=\"hidden\" value=\"0\"  name=\"data[cf_6]\" \/><label class=\"mailpoet_checkbox_label\" for=\"mailpoet_checkbox_1\" style=\"font-size: 20px;line-height: 1.2;\"><input type=\"checkbox\" class=\"mailpoet_checkbox\" id=\"mailpoet_checkbox_1\" name=\"data[cf_6]\" value=\"1\" data-parsley-errors-container=\".mailpoet_error_1c3zq\" data-parsley-group=\"custom_field_6\" \/> 8.6.2026, Workshop 14 \u2014 17 Uhr<\/label><\/fieldset><span class=\"mailpoet_error_1c3zq\"><\/span><\/div>\n<p class=\"mailpoet_form_paragraph \" style=\"text-align: left\"><\/p>\n<div class=\"mailpoet_paragraph \"><fieldset><input type=\"hidden\" value=\"1\"  name=\"data[cf_5]\" \/><label class=\"mailpoet_checkbox_label\" for=\"mailpoet_checkbox_2\" style=\"font-size: 20px;line-height: 1.2;\"><input type=\"checkbox\" class=\"mailpoet_checkbox\" id=\"mailpoet_checkbox_2\" name=\"data[cf_5]\" value=\"1\" data-parsley-errors-container=\".mailpoet_error_5nvf4\" data-parsley-required=\"true\" required aria-required=\"true\" data-parsley-required-message=\"This field is required.\" data-parsley-group=\"custom_field_5\" \/> Ich bin damit einverstanden, dass meine Daten zur Organisation der Veranstaltung gespeichert und verarbeitet werden. Au\u00dferdem willige ich ein, dass w\u00e4hrend der Veranstaltung Foto- und Filmaufnahmen gemacht und von der Women*s Design Academy f\u00fcr Kommunikationszwecke verwendet werden. Mein Einverst\u00e4ndnis kann ich jederzeit widerrufen.<\/label><\/fieldset><span class=\"mailpoet_error_5nvf4\"><\/span><\/div>\n<div class='mailpoet_spacer' style='height: 20px;'><\/div>\n<div class=\"mailpoet_paragraph \"><input type=\"submit\" class=\"mailpoet_submit\" value=\"Anmelden\" data-automation-id=\"subscribe-submit-button\" style=\"width:100%;box-sizing:border-box;background-color:#000000;border-style:solid;border-radius:30px !important;border-width:1px;border-color:#313131;padding:5px;margin: 0 auto 0 0;font-size:20px;line-height:1.5;height:auto;color:#ffffff;\" \/><span class=\"mailpoet_form_loading\"><span class=\"mailpoet_bounce1\"><\/span><span class=\"mailpoet_bounce2\"><\/span><span class=\"mailpoet_bounce3\"><\/span><\/span><\/div>\n\n      <div class=\"mailpoet_message\">\n        <p class=\"mailpoet_validate_success\"\n                style=\"display:none;\"\n                >\u00dcberpr\u00fcfe deine Inbox und\/oder Spam Ordner, um deine Anmeldung zu best\u00e4tigen.\n        <\/p>\n        <p class=\"mailpoet_validate_error\"\n                style=\"display:none;\"\n                >        <\/p>\n      <\/div>\n    <\/form>\n\n      <\/div>\n\n  \n<p>&nbsp;<\/p>\n<\/div><\/div>\n<\/div>\n<\/div>\n<\/div>","protected":false},"excerpt":{"rendered":"","protected":false},"author":1,"featured_media":0,"parent":0,"menu_order":0,"comment_status":"closed","ping_status":"closed","template":"","meta":{"footnotes":""},"class_list":["post-605","page","type-page","status-publish","hentry"],"_links":{"self":[{"href":"https:\/\/womensdesignacademy.com\/en\/wp-json\/wp\/v2\/pages\/605","targetHints":{"allow":["GET"]}}],"collection":[{"href":"https:\/\/womensdesignacademy.com\/en\/wp-json\/wp\/v2\/pages"}],"about":[{"href":"https:\/\/womensdesignacademy.com\/en\/wp-json\/wp\/v2\/types\/page"}],"author":[{"embeddable":true,"href":"https:\/\/womensdesignacademy.com\/en\/wp-json\/wp\/v2\/users\/1"}],"replies":[{"embeddable":true,"href":"https:\/\/womensdesignacademy.com\/en\/wp-json\/wp\/v2\/comments?post=605"}],"version-history":[{"count":10,"href":"https:\/\/womensdesignacademy.com\/en\/wp-json\/wp\/v2\/pages\/605\/revisions"}],"predecessor-version":[{"id":701,"href":"https:\/\/womensdesignacademy.com\/en\/wp-json\/wp\/v2\/pages\/605\/revisions\/701"}],"wp:attachment":[{"href":"https:\/\/womensdesignacademy.com\/en\/wp-json\/wp\/v2\/media?parent=605"}],"curies":[{"name":"wp","href":"https:\/\/api.w.org\/{rel}","templated":true}]}}